{"id":139,"date":"2018-07-16T10:25:22","date_gmt":"2018-07-16T10:25:22","guid":{"rendered":"https:\/\/www.inkthemes.com\/demos\/interior\/?page_id=139"},"modified":"2020-04-13T21:43:29","modified_gmt":"2020-04-13T20:43:29","slug":"about-us","status":"publish","type":"page","link":"http:\/\/www.wallesg.se\/?page_id=139","title":{"rendered":"Om f\u00f6retaget"},"content":{"rendered":"\t\t<div data-elementor-type=\"wp-post\" data-elementor-id=\"139\" class=\"elementor elementor-139\">\n\t\t\t\t\t\t<div class=\"elementor-inner\">\n\t\t\t\t<div class=\"elementor-section-wrap\">\n\t\t\t\t\t\t\t\t\t<section class=\"elementor-section elementor-top-section elementor-element elementor-element-268a3499 elementor-section-stretched elementor-section-boxed elementor-section-height-default elementor-section-height-default\" data-id=\"268a3499\" data-element_type=\"section\" data-settings=\"{&quot;background_background&quot;:&quot;classic&quot;,&quot;stretch_section&quot;:&quot;section-stretched&quot;}\">\n\t\t\t\t\t\t\t<div class=\"elementor-background-overlay\"><\/div>\n\t\t\t\t\t\t\t<div class=\"elementor-container elementor-column-gap-default\">\n\t\t\t\t\t\t\t<div class=\"elementor-row\">\n\t\t\t\t\t<div class=\"elementor-column elementor-col-100 elementor-top-column elementor-element elementor-element-5df23a75\" data-id=\"5df23a75\" data-element_type=\"column\">\n\t\t\t<div class=\"elementor-column-wrap elementor-element-populated\">\n\t\t\t\t\t\t\t<div class=\"elementor-widget-wrap\">\n\t\t\t\t\t\t<div class=\"elementor-element elementor-element-3501f30b elementor-widget elementor-widget-heading\" data-id=\"3501f30b\" data-element_type=\"widget\" data-widget_type=\"heading.default\">\n\t\t\t\t<div class=\"elementor-widget-container\">\n\t\t\t<h1 class=\"elementor-heading-title elementor-size-default\">Om f\u00f6retaget<\/h1>\t\t<\/div>\n\t\t\t\t<\/div>\n\t\t\t\t\t\t<\/div>\n\t\t\t\t\t<\/div>\n\t\t<\/div>\n\t\t\t\t\t\t\t\t<\/div>\n\t\t\t\t\t<\/div>\n\t\t<\/section>\n\t\t\t\t<section class=\"elementor-section elementor-top-section elementor-element elementor-element-241c591 elementor-section-boxed elementor-section-height-default elementor-section-height-default\" data-id=\"241c591\" data-element_type=\"section\">\n\t\t\t\t\t\t<div class=\"elementor-container elementor-column-gap-no\">\n\t\t\t\t\t\t\t<div class=\"elementor-row\">\n\t\t\t\t\t<div class=\"elementor-column elementor-col-50 elementor-top-column elementor-element elementor-element-55a06f5d\" data-id=\"55a06f5d\" data-element_type=\"column\">\n\t\t\t<div class=\"elementor-column-wrap elementor-element-populated\">\n\t\t\t\t\t\t\t<div class=\"elementor-widget-wrap\">\n\t\t\t\t\t\t<div class=\"elementor-element elementor-element-2a4c34b7 elementor-widget elementor-widget-image\" data-id=\"2a4c34b7\" data-element_type=\"widget\" data-widget_type=\"image.default\">\n\t\t\t\t<div class=\"elementor-widget-container\">\n\t\t\t\t\t\t\t\t<div class=\"elementor-image\">\n\t\t\t\t\t\t\t\t\t\t\t\t<img width=\"816\" height=\"612\" src=\"http:\/\/www.wallesg.se\/wp-content\/uploads\/2012\/03\/312621_295856530429968_100000168702430_1468291_1893902777_n.jpg\" class=\"attachment-full size-full\" alt=\"\" loading=\"lazy\" srcset=\"http:\/\/www.wallesg.se\/wp-content\/uploads\/2012\/03\/312621_295856530429968_100000168702430_1468291_1893902777_n.jpg 816w, http:\/\/www.wallesg.se\/wp-content\/uploads\/2012\/03\/312621_295856530429968_100000168702430_1468291_1893902777_n-300x225.jpg 300w\" sizes=\"(max-width: 816px) 100vw, 816px\" \/>\t\t\t\t\t\t\t\t\t\t\t\t\t\t<\/div>\n\t\t\t\t\t\t<\/div>\n\t\t\t\t<\/div>\n\t\t\t\t\t\t<\/div>\n\t\t\t\t\t<\/div>\n\t\t<\/div>\n\t\t\t\t<div class=\"elementor-column elementor-col-50 elementor-top-column elementor-element elementor-element-4dd30de8\" data-id=\"4dd30de8\" data-element_type=\"column\" data-settings=\"{&quot;background_background&quot;:&quot;classic&quot;}\">\n\t\t\t<div class=\"elementor-column-wrap elementor-element-populated\">\n\t\t\t\t\t\t\t<div class=\"elementor-widget-wrap\">\n\t\t\t\t\t\t<div class=\"elementor-element elementor-element-22f9ee14 elementor-widget elementor-widget-heading\" data-id=\"22f9ee14\" data-element_type=\"widget\" data-widget_type=\"heading.default\">\n\t\t\t\t<div class=\"elementor-widget-container\">\n\t\t\t<h2 class=\"elementor-heading-title elementor-size-large\">Om f\u00f6retaget<\/h2>\t\t<\/div>\n\t\t\t\t<\/div>\n\t\t\t\t<div class=\"elementor-element elementor-element-5bf1caa4 elementor-widget elementor-widget-text-editor\" data-id=\"5bf1caa4\" data-element_type=\"widget\" data-widget_type=\"text-editor.default\">\n\t\t\t\t<div class=\"elementor-widget-container\">\n\t\t\t\t\t\t\t\t<div class=\"elementor-text-editor elementor-clearfix\">\n\t\t\t\t<p>Walles Gr\u00e4v AB \u2013 Vi har l\u00e5ng erfarenhet av branschen och en stor bredd i f\u00f6retaget \u2013 vi ordnar allt fr\u00e5n mindre gr\u00e4vningar i villatr\u00e4dg\u00e5rdar till totalentreprenad.<\/p><p>Vi str\u00e4var alltid h\u00f6gsta kvalitet p\u00e5 v\u00e5ra arbeten och \u00e4r m\u00e5na om ett bra samarbete med v\u00e5ra kunder. Walles Gr\u00e4v AB \u00e4gs och drivs av Christer Walfridsson, som startade f\u00f6retaget 1985. Totalt \u00e4r vi idag 5 anst\u00e4llda p\u00e5 f\u00f6retaget.<\/p><p>Vi har en stor bredd i f\u00f6retaget och utf\u00f6r allt inom mark- och anl\u00e4ggningsarbete.<\/p><p>Bland v\u00e5ra kunder finns s\u00e5v\u00e4l privatpersoner som sm\u00e5 och stora f\u00f6retag. Vi p\u00e5 f\u00f6retaget har alltid arbetat f\u00f6r att utf\u00f6ra v\u00e5ra \u00e5taganden efter g\u00e4llande normer, f\u00f6r att l\u00e4mna ett fullgott arbete efter oss.<\/p><p>V\u00e5r maskinpark best\u00e5r av gr\u00e4vmaskiner, traktorgr\u00e4vare, Minigr\u00e4vare, hjullastare, lastbil m.m. med diverse tillbeh\u00f6r.<\/p><p>Vi \u00e4r anslutna till Maskinentrepren\u00f6rerna.<\/p><p>\u00a0<\/p><p><img loading=\"lazy\" class=\"alignright size-full wp-image-666\" src=\"http:\/\/www.wallesg.se\/wp-content\/uploads\/2019\/03\/12d528ee-976d-40fb-ab91-c5e8813a1855.png\" alt=\"\" width=\"240\" height=\"60\" \/><\/p><p>\u00a0<\/p>\t\t\t\t\t<\/div>\n\t\t\t\t\t\t<\/div>\n\t\t\t\t<\/div>\n\t\t\t\t\t\t<\/div>\n\t\t\t\t\t<\/div>\n\t\t<\/div>\n\t\t\t\t\t\t\t\t<\/div>\n\t\t\t\t\t<\/div>\n\t\t<\/section>\n\t\t\t\t\t\t\t\t\t<\/div>\n\t\t\t<\/div>\n\t\t\t\t\t<\/div>\n\t\t","protected":false},"excerpt":{"rendered":"<p>Om f\u00f6retaget Om f\u00f6retaget Walles Gr\u00e4v AB \u2013 Vi har l\u00e5ng erfarenhet av branschen och en stor bredd i f\u00f6retaget \u2013 vi ordnar allt fr\u00e5n mindre gr\u00e4vningar i villatr\u00e4dg\u00e5rdar till &#8230;<\/p>\n","protected":false},"author":3,"featured_media":0,"parent":0,"menu_order":0,"comment_status":"closed","ping_status":"closed","template":"elementor_header_footer","meta":[],"_links":{"self":[{"href":"http:\/\/www.wallesg.se\/index.php?rest_route=\/wp\/v2\/pages\/139"}],"collection":[{"href":"http:\/\/www.wallesg.se\/index.php?rest_route=\/wp\/v2\/pages"}],"about":[{"href":"http:\/\/www.wallesg.se\/index.php?rest_route=\/wp\/v2\/types\/page"}],"author":[{"embeddable":true,"href":"http:\/\/www.wallesg.se\/index.php?rest_route=\/wp\/v2\/users\/3"}],"replies":[{"embeddable":true,"href":"http:\/\/www.wallesg.se\/index.php?rest_route=%2Fwp%2Fv2%2Fcomments&post=139"}],"version-history":[{"count":7,"href":"http:\/\/www.wallesg.se\/index.php?rest_route=\/wp\/v2\/pages\/139\/revisions"}],"predecessor-version":[{"id":696,"href":"http:\/\/www.wallesg.se\/index.php?rest_route=\/wp\/v2\/pages\/139\/revisions\/696"}],"wp:attachment":[{"href":"http:\/\/www.wallesg.se\/index.php?rest_route=%2Fwp%2Fv2%2Fmedia&parent=139"}],"curies":[{"name":"wp","href":"https:\/\/api.w.org\/{rel}","templated":true}]}}